{"id":68,"date":"2014-04-17T19:51:36","date_gmt":"2014-04-17T18:51:36","guid":{"rendered":"http:\/\/www.adzer.dds.nl\/wordpress\/?page_id=68"},"modified":"2026-03-11T19:10:54","modified_gmt":"2026-03-11T18:10:54","slug":"resume","status":"publish","type":"page","link":"https:\/\/www.adzervandermolen.nl\/?page_id=68","title":{"rendered":"resume"},"content":{"rendered":"<p style=\"padding-left: 120px;\">Education:<br \/>\n&#8211; Philosophy \u2013 University Groningen RUG 1978-81<br \/>\n&#8211; Academy of Arts AKI \u2013 Enschede 1982-88<\/p>\n<p style=\"padding-left: 120px;\">Shows, awards:<\/p>\n<p style=\"padding-left: 120px;\">2021<br \/>\n&#8211; Wasteland &#8211; Galerie Nasty Alice, Eindhoven<\/p>\n<p style=\"padding-left: 120px;\">2020<br \/>\n&#8211; Remote Control &#8211; Galerie Nasty Alice, Eindhoven<\/p>\n<p style=\"padding-left: 120px;\">2019<br \/>\n&#8211; Boys &#8211; Galerie Nasty Alice, Eindhoven<\/p>\n<p style=\"padding-left: 120px;\">2017<br \/>\n&#8211; Hitchcock &#8211; Galerie Nasty Alice, Eindhoven<br \/>\n&#8211; KunstRai &#8211; Galeria Contrast, Amsterdam<br \/>\n&#8211; Landscapes \u2013 <a href=\"https:\/\/www.galeriacontrast.com\/ca\/exposicio\/landscapes\" target=\"_blank\" rel=\"noopener noreferrer\">Galeria Contrast<\/a>, Barcelona<\/p>\n<p style=\"padding-left: 120px;\">2017<br \/>\n&#8211; C&#8217;mon Pilgrim \u2013 <a href=\"https:\/\/whichmuseum.nl\/tentoonstelling\/adzer-van-der-molen-c-mon-pilgrim-stedelijk-museum-kampen-9228\" target=\"_blank\" rel=\"noopener noreferrer\">Stedelijk Museum Kampen<\/a>\u00a0\u2013 solo<br \/>\n&#8211; Any Day Now \u2013 Kunsthandel Kruis-Weg 68 Haarlem \u2013 solo<\/p>\n<p style=\"padding-left: 120px;\">2016<br \/>\n&#8211; Vasco del Arte, Art Abcoude<br \/>\n&#8211; Coulissen &#8211; Galerie Nasty Alice, Eindhoven<br \/>\n&#8211; The Last Picture Show &#8211; Studio Sarai, Amsterdam<\/p>\n<p style=\"padding-left: 120px;\">2015<br \/>\n&#8211; <a href=\"https:\/\/arti.nl\/agenda\/21-10-2015\/door-schildersogen-2-from-a-painters-perspective-2\" target=\"_blank\" rel=\"noopener noreferrer\">Door Schildersogen 2<\/a> Arti et Amicitiae Amsterdam<br \/>\n&#8211; <a href=\"http:\/\/tortuca.com\/?p=1381\" target=\"_blank\" rel=\"noopener noreferrer\">Tortuca magazine<\/a> #37: Cin\u00e9ma V\u00e9rit\u00e9<br \/>\n&#8211; Art Consultancy B&amp;F, Breukelen<br \/>\n&#8211; Sailexpo WATER &#8211; Studio Sarai, Amsterdam<br \/>\n&#8211; <a href=\"https:\/\/artzaanstad.nl\/kunstenaars\/F34\/Adzer-van-der-Molen\" target=\"_blank\" rel=\"noopener\">ArtZaanstad<\/a><\/p>\n<p style=\"padding-left: 120px;\">2014<br \/>\n&#8211; Zomerexpo Gemeentemuseum Den Haag<br \/>\n&#8211; TFHMF Award longlist<br \/>\n&#8211; RADION Amsterdam (group with Roberto Voorbij ao)<\/p>\n<p style=\"padding-left: 120px;\">2013<br \/>\n&#8211; Re:Rotterdam artfair<br \/>\n&#8211; Included in collection DELA<br \/>\n&#8211; Klifhanger Festival Texel \u2013 mural &#8220;This Day Of All Days&#8221;<br \/>\n&#8211; Kulturbiergarten Rippershausen \u2013 mural &#8220;Never Go Home Anymore&#8221;<br \/>\n&#8211; Bluduemila Napoli \u2013 Concorso Internazionale via tutor <a href=\"http:\/\/www.galleriaverrengia.it\/\" target=\"_blank\" rel=\"noopener noreferrer\">Paola Verrengia<\/a>, second prize<\/p>\n<p style=\"padding-left: 120px;\">2012<br \/>\n&#8211; Galerie Singel 383 \u2013 Credence, Amsterdam &#8211; solo<br \/>\n&#8211; Galerie 48 \u2013 Kobe de Peuter &amp; Adzer van der Molen, Breda<br \/>\n&#8211; Galerie Vierbijvier, Vianen \u2013 solo<\/p>\n<p style=\"padding-left: 120px;\">2011 &#8211; &#8230;<br \/>\n&#8211; in stock at Galleria Paola Verrengia \u2013 Salerno<\/p>\n<p style=\"padding-left: 120px;\">2010<br \/>\n&#8211; Boven\u2019s Galerie, Amsterdam \u2013 Verfzucht #4: Painterly Intrigue, group, with Michael de Kok, Bonnie Severien, Albert Zwaan<\/p>\n<p style=\"padding-left: 120px;\">2009<br \/>\n&#8211; CBK Groningen \u2013 Nieuwe uitleenschatten (group, with Maurice Braspenning, Anne van As ao)<\/p>\n<p style=\"padding-left: 120px;\">2008<br \/>\n&#8211; Galerie De Meerse, Hoofddorp \u2013 Art in Mobile, group<\/p>\n<p style=\"padding-left: 120px;\">2007<br \/>\n&#8211; Zoete Broodjes, Amsterdam \u2013 Bezembinder: <a href=\"https:\/\/www.zoete-broodjes.nl\/pscurator2.html\" target=\"_blank\" rel=\"noopener noreferrer\">A weblog in the flesh<\/a> (group, with Toon Berghahn, Ron van der Ende ao)<\/p>\n<p style=\"padding-left: 120px;\">ad van der molen<\/p>\n","protected":false},"excerpt":{"rendered":"<p>Education: &#8211; Philosophy \u2013 University Groningen RUG 1978-81 &#8211; Academy of Arts AKI \u2013 Enschede 1982-88 Shows, awards: 2021 &#8211; Wasteland &#8211; Galerie Nasty Alice, Eindhoven 2020 &#8211; Remote Control &#8211; Galerie Nasty Alice, Eindhoven 2019 &#8211; Boys &#8211; Galerie Nasty Alice, Eindhoven 2017 &#8211; Hitchcock &#8211; Galerie Nasty Alice, Eindhoven &#8211; KunstRai &#8211; Galeria [&hellip;]<\/p>\n","protected":false},"author":1,"featured_media":0,"parent":0,"menu_order":0,"comment_status":"closed","ping_status":"closed","template":"","meta":{"ocean_post_layout":"","ocean_both_sidebars_style":"","ocean_both_sidebars_content_width":0,"ocean_both_sidebars_sidebars_width":0,"ocean_sidebar":"0","ocean_second_sidebar":"0","ocean_disable_margins":"enable","ocean_add_body_class":"","ocean_shortcode_before_top_bar":"","ocean_shortcode_after_top_bar":"","ocean_shortcode_before_header":"","ocean_shortcode_after_header":"","ocean_has_shortcode":"","ocean_shortcode_after_title":"","ocean_shortcode_before_footer_widgets":"","ocean_shortcode_after_footer_widgets":"","ocean_shortcode_before_footer_bottom":"","ocean_shortcode_after_footer_bottom":"","ocean_display_top_bar":"default","ocean_display_header":"default","ocean_header_style":"","ocean_center_header_left_menu":"0","ocean_custom_header_template":"0","ocean_custom_logo":0,"ocean_custom_retina_logo":0,"ocean_custom_logo_max_width":0,"ocean_custom_logo_tablet_max_width":0,"ocean_custom_logo_mobile_max_width":0,"ocean_custom_logo_max_height":0,"ocean_custom_logo_tablet_max_height":0,"ocean_custom_logo_mobile_max_height":0,"ocean_header_custom_menu":"0","ocean_menu_typo_font_family":"0","ocean_menu_typo_font_subset":"","ocean_menu_typo_font_size":0,"ocean_menu_typo_font_size_tablet":0,"ocean_menu_typo_font_size_mobile":0,"ocean_menu_typo_font_size_unit":"px","ocean_menu_typo_font_weight":"","ocean_menu_typo_font_weight_tablet":"","ocean_menu_typo_font_weight_mobile":"","ocean_menu_typo_transform":"","ocean_menu_typo_transform_tablet":"","ocean_menu_typo_transform_mobile":"","ocean_menu_typo_line_height":0,"ocean_menu_typo_line_height_tablet":0,"ocean_menu_typo_line_height_mobile":0,"ocean_menu_typo_line_height_unit":"","ocean_menu_typo_spacing":0,"ocean_menu_typo_spacing_tablet":0,"ocean_menu_typo_spacing_mobile":0,"ocean_menu_typo_spacing_unit":"","ocean_menu_link_color":"","ocean_menu_link_color_hover":"","ocean_menu_link_color_active":"","ocean_menu_link_background":"","ocean_menu_link_hover_background":"","ocean_menu_link_active_background":"","ocean_menu_social_links_bg":"","ocean_menu_social_hover_links_bg":"","ocean_menu_social_links_color":"","ocean_menu_social_hover_links_color":"","ocean_disable_title":"default","ocean_disable_heading":"default","ocean_post_title":"","ocean_post_subheading":"","ocean_post_title_style":"","ocean_post_title_background_color":"","ocean_post_title_background":0,"ocean_post_title_bg_image_position":"","ocean_post_title_bg_image_attachment":"","ocean_post_title_bg_image_repeat":"","ocean_post_title_bg_image_size":"","ocean_post_title_height":0,"ocean_post_title_bg_overlay":0.5,"ocean_post_title_bg_overlay_color":"","ocean_disable_breadcrumbs":"default","ocean_breadcrumbs_color":"","ocean_breadcrumbs_separator_color":"","ocean_breadcrumbs_links_color":"","ocean_breadcrumbs_links_hover_color":"","ocean_display_footer_widgets":"default","ocean_display_footer_bottom":"default","ocean_custom_footer_template":"0","footnotes":""},"class_list":["post-68","page","type-page","status-publish","hentry","entry"],"jetpack_sharing_enabled":true,"_links":{"self":[{"href":"https:\/\/www.adzervandermolen.nl\/index.php?rest_route=\/wp\/v2\/pages\/68","targetHints":{"allow":["GET"]}}],"collection":[{"href":"https:\/\/www.adzervandermolen.nl\/index.php?rest_route=\/wp\/v2\/pages"}],"about":[{"href":"https:\/\/www.adzervandermolen.nl\/index.php?rest_route=\/wp\/v2\/types\/page"}],"author":[{"embeddable":true,"href":"https:\/\/www.adzervandermolen.nl\/index.php?rest_route=\/wp\/v2\/users\/1"}],"replies":[{"embeddable":true,"href":"https:\/\/www.adzervandermolen.nl\/index.php?rest_route=%2Fwp%2Fv2%2Fcomments&post=68"}],"version-history":[{"count":11,"href":"https:\/\/www.adzervandermolen.nl\/index.php?rest_route=\/wp\/v2\/pages\/68\/revisions"}],"predecessor-version":[{"id":5674,"href":"https:\/\/www.adzervandermolen.nl\/index.php?rest_route=\/wp\/v2\/pages\/68\/revisions\/5674"}],"wp:attachment":[{"href":"https:\/\/www.adzervandermolen.nl\/index.php?rest_route=%2Fwp%2Fv2%2Fmedia&parent=68"}],"curies":[{"name":"wp","href":"https:\/\/api.w.org\/{rel}","templated":true}]}}